{"id":77,"date":"2025-02-05T09:43:49","date_gmt":"2025-02-05T12:43:49","guid":{"rendered":"https:\/\/kitras.cl\/producto\/vintage-typewriter\/"},"modified":"2026-03-28T19:34:48","modified_gmt":"2026-03-28T22:34:48","slug":"tabaco-natural-por-kilo-virginia-2","status":"publish","type":"product","link":"https:\/\/kitras.cl\/?product=tabaco-natural-por-kilo-virginia-2","title":{"rendered":"Tabaco Natural &#8211; Dos bolsas de 500 grs"},"content":{"rendered":"","protected":false},"excerpt":{"rendered":"<h3 class=\"\" data-start=\"784\" data-end=\"834\"><strong data-start=\"788\" data-end=\"832\">Tabaco Natural Virginia Hilado (Dos bolsas de 500 gramos)<\/strong><\/h3>\n<p class=\"\" data-start=\"836\" data-end=\"998\">Ofrecemos el precio m\u00e1s econ\u00f3mico del mercado y una compra segura. Recibe tu pedido en la puerta de tu hogar y disfruta de la mejor calidad en tabaco natural.<\/p>\n<p class=\"\" data-start=\"1000\" data-end=\"1089\"><img decoding=\"async\" class=\"emoji\" role=\"img\" draggable=\"false\" src=\"https:\/\/s.w.org\/images\/core\/emoji\/17.0.2\/svg\/1f4e6.svg\" alt=\"\ud83d\udce6\" \/>\u00a0<strong data-start=\"1028\" data-end=\"1058\">Env\u00edo GRATIS en todo Chile<\/strong><br data-start=\"1058\" data-end=\"1061\" \/><img decoding=\"async\" class=\"emoji\" role=\"img\" draggable=\"false\" src=\"https:\/\/s.w.org\/images\/core\/emoji\/17.0.2\/svg\/1f4b3.svg\" alt=\"\ud83d\udcb3\" \/>\u00a0<strong data-start=\"1064\" data-end=\"1087\">Pago seguro y f\u00e1cil<\/strong><\/p>\n<p class=\"\" data-start=\"1091\" data-end=\"1176\"><img decoding=\"async\" class=\"emoji\" role=\"img\" draggable=\"false\" src=\"https:\/\/s.w.org\/images\/core\/emoji\/17.0.2\/svg\/1f539.svg\" alt=\"\ud83d\udd39\" \/>\u00a0<strong data-start=\"1094\" data-end=\"1114\">\u00a1No esperes m\u00e1s!<\/strong>\u00a0Haz tu pedido ahora y disfruta del mejor tabaco natural.\u00a0<img decoding=\"async\" class=\"emoji\" role=\"img\" draggable=\"false\" src=\"https:\/\/s.w.org\/images\/core\/emoji\/17.0.2\/svg\/1f680.svg\" alt=\"\ud83d\ude80\" \/><\/p>\n<p data-start=\"1091\" data-end=\"1176\"><strong>Env\u00edo gratis Chilexpress (B\u00e1sico): plazos pueden extenderse seg\u00fan regi\u00f3n.<\/strong><\/p>\n","protected":false},"featured_media":886,"template":"","meta":[],"product_brand":[],"product_cat":[20],"product_tag":[],"class_list":{"0":"post-77","1":"product","2":"type-product","3":"status-publish","4":"has-post-thumbnail","6":"product_cat-tabaco","8":"first","9":"instock","10":"shipping-taxable","11":"purchasable","12":"product-type-simple"},"yoast_head":"<!-- This site is optimized with the Yoast SEO plugin v27.3 - https:\/\/yoast.com\/product\/yoast-seo-wordpress\/ -->\n<title>Tabaco Natural por Kilo Virginia | 100% Puro y Sin Aditivos<\/title>\n<meta name=\"description\" content=\"Compra Tabaco Natural por Kilo Virginia al mejor precio. 100% puro, sin aditivos ni conservantes. \u00a1Haz tu pedido hoy y disfruta de un sabor aut\u00e9ntico! \ud83d\ude80\" \/>\n<meta name=\"robots\" content=\"index, follow, max-snippet:-1, max-image-preview:large, max-video-preview:-1\" \/>\n<link rel=\"canonical\" href=\"https:\/\/kitras.cl\/?product=tabaco-natural-por-kilo-virginia-2\" \/>\n<meta property=\"og:locale\" content=\"es_ES\" \/>\n<meta property=\"og:type\" content=\"article\" \/>\n<meta property=\"og:title\" content=\"Tabaco Natural por Kilo Virginia | 100% Puro y Sin Aditivos\" \/>\n<meta property=\"og:description\" content=\"Compra Tabaco Natural por Kilo Virginia al mejor precio. 100% puro, sin aditivos ni conservantes. \u00a1Haz tu pedido hoy y disfruta de un sabor aut\u00e9ntico! \ud83d\ude80\" \/>\n<meta property=\"og:url\" content=\"https:\/\/kitras.cl\/?product=tabaco-natural-por-kilo-virginia-2\" \/>\n<meta property=\"og:site_name\" content=\"KITRAS\" \/>\n<meta property=\"article:modified_time\" content=\"2026-03-28T22:34:48+00:00\" \/>\n<meta property=\"og:image\" content=\"https:\/\/kitras.cl\/wp-content\/uploads\/2025\/02\/TABACO-NATURAL-500.jpg\" \/>\n\t<meta property=\"og:image:width\" content=\"1082\" \/>\n\t<meta property=\"og:image:height\" content=\"1383\" \/>\n\t<meta property=\"og:image:type\" content=\"image\/jpeg\" \/>\n<meta name=\"twitter:card\" content=\"summary_large_image\" \/>\n<meta name=\"twitter:label1\" content=\"Tiempo estimado de lectura\" \/>\n\t<meta name=\"twitter:data1\" content=\"1 minuto\" \/>\n<script type=\"application\/ld+json\" class=\"yoast-schema-graph\">{\"@context\":\"https:\\\/\\\/schema.org\",\"@graph\":[{\"@type\":\"WebPage\",\"@id\":\"https:\\\/\\\/kitras.cl\\\/?product=tabaco-natural-por-kilo-virginia-2\",\"url\":\"https:\\\/\\\/kitras.cl\\\/?product=tabaco-natural-por-kilo-virginia-2\",\"name\":\"Tabaco Natural por Kilo Virginia | 100% Puro y Sin Aditivos\",\"isPartOf\":{\"@id\":\"https:\\\/\\\/kitras.cl\\\/#website\"},\"primaryImageOfPage\":{\"@id\":\"https:\\\/\\\/kitras.cl\\\/?product=tabaco-natural-por-kilo-virginia-2#primaryimage\"},\"image\":{\"@id\":\"https:\\\/\\\/kitras.cl\\\/?product=tabaco-natural-por-kilo-virginia-2#primaryimage\"},\"thumbnailUrl\":\"https:\\\/\\\/kitras.cl\\\/wp-content\\\/uploads\\\/2025\\\/02\\\/TABACO-NATURAL-500.jpg\",\"datePublished\":\"2025-02-05T12:43:49+00:00\",\"dateModified\":\"2026-03-28T22:34:48+00:00\",\"description\":\"Compra Tabaco Natural por Kilo Virginia al mejor precio. 100% puro, sin aditivos ni conservantes. \u00a1Haz tu pedido hoy y disfruta de un sabor aut\u00e9ntico! \ud83d\ude80\",\"breadcrumb\":{\"@id\":\"https:\\\/\\\/kitras.cl\\\/?product=tabaco-natural-por-kilo-virginia-2#breadcrumb\"},\"inLanguage\":\"es-CL\",\"potentialAction\":[{\"@type\":\"ReadAction\",\"target\":[\"https:\\\/\\\/kitras.cl\\\/?product=tabaco-natural-por-kilo-virginia-2\"]}]},{\"@type\":\"ImageObject\",\"inLanguage\":\"es-CL\",\"@id\":\"https:\\\/\\\/kitras.cl\\\/?product=tabaco-natural-por-kilo-virginia-2#primaryimage\",\"url\":\"https:\\\/\\\/kitras.cl\\\/wp-content\\\/uploads\\\/2025\\\/02\\\/TABACO-NATURAL-500.jpg\",\"contentUrl\":\"https:\\\/\\\/kitras.cl\\\/wp-content\\\/uploads\\\/2025\\\/02\\\/TABACO-NATURAL-500.jpg\",\"width\":1082,\"height\":1383},{\"@type\":\"BreadcrumbList\",\"@id\":\"https:\\\/\\\/kitras.cl\\\/?product=tabaco-natural-por-kilo-virginia-2#breadcrumb\",\"itemListElement\":[{\"@type\":\"ListItem\",\"position\":1,\"name\":\"Portada\",\"item\":\"https:\\\/\\\/kitras.cl\\\/\"},{\"@type\":\"ListItem\",\"position\":2,\"name\":\"Tienda\",\"item\":\"https:\\\/\\\/kitras.cl\\\/?page_id=9\"},{\"@type\":\"ListItem\",\"position\":3,\"name\":\"Tabaco Natural &#8211; Dos bolsas de 500 grs\"}]},{\"@type\":\"WebSite\",\"@id\":\"https:\\\/\\\/kitras.cl\\\/#website\",\"url\":\"https:\\\/\\\/kitras.cl\\\/\",\"name\":\"Tabaco Natural | Kitras\",\"description\":\"Tabaco de excelente calidad, limpio, sin palitos ni polvo, sin aditivos. Consulta nuestras ofertas, 100% natural,\",\"alternateName\":\"Tabaco Natural\",\"potentialAction\":[{\"@type\":\"SearchAction\",\"target\":{\"@type\":\"EntryPoint\",\"urlTemplate\":\"https:\\\/\\\/kitras.cl\\\/?s={search_term_string}\"},\"query-input\":{\"@type\":\"PropertyValueSpecification\",\"valueRequired\":true,\"valueName\":\"search_term_string\"}}],\"inLanguage\":\"es-CL\"}]}<\/script>\n<!-- \/ Yoast SEO plugin. -->","yoast_head_json":{"title":"Tabaco Natural por Kilo Virginia | 100% Puro y Sin Aditivos","description":"Compra Tabaco Natural por Kilo Virginia al mejor precio. 100% puro, sin aditivos ni conservantes. \u00a1Haz tu pedido hoy y disfruta de un sabor aut\u00e9ntico! \ud83d\ude80","robots":{"index":"index","follow":"follow","max-snippet":"max-snippet:-1","max-image-preview":"max-image-preview:large","max-video-preview":"max-video-preview:-1"},"canonical":"https:\/\/kitras.cl\/?product=tabaco-natural-por-kilo-virginia-2","og_locale":"es_ES","og_type":"article","og_title":"Tabaco Natural por Kilo Virginia | 100% Puro y Sin Aditivos","og_description":"Compra Tabaco Natural por Kilo Virginia al mejor precio. 100% puro, sin aditivos ni conservantes. \u00a1Haz tu pedido hoy y disfruta de un sabor aut\u00e9ntico! \ud83d\ude80","og_url":"https:\/\/kitras.cl\/?product=tabaco-natural-por-kilo-virginia-2","og_site_name":"KITRAS","article_modified_time":"2026-03-28T22:34:48+00:00","og_image":[{"width":1082,"height":1383,"url":"https:\/\/kitras.cl\/wp-content\/uploads\/2025\/02\/TABACO-NATURAL-500.jpg","type":"image\/jpeg"}],"twitter_card":"summary_large_image","twitter_misc":{"Tiempo estimado de lectura":"1 minuto"},"schema":{"@context":"https:\/\/schema.org","@graph":[{"@type":"WebPage","@id":"https:\/\/kitras.cl\/?product=tabaco-natural-por-kilo-virginia-2","url":"https:\/\/kitras.cl\/?product=tabaco-natural-por-kilo-virginia-2","name":"Tabaco Natural por Kilo Virginia | 100% Puro y Sin Aditivos","isPartOf":{"@id":"https:\/\/kitras.cl\/#website"},"primaryImageOfPage":{"@id":"https:\/\/kitras.cl\/?product=tabaco-natural-por-kilo-virginia-2#primaryimage"},"image":{"@id":"https:\/\/kitras.cl\/?product=tabaco-natural-por-kilo-virginia-2#primaryimage"},"thumbnailUrl":"https:\/\/kitras.cl\/wp-content\/uploads\/2025\/02\/TABACO-NATURAL-500.jpg","datePublished":"2025-02-05T12:43:49+00:00","dateModified":"2026-03-28T22:34:48+00:00","description":"Compra Tabaco Natural por Kilo Virginia al mejor precio. 100% puro, sin aditivos ni conservantes. \u00a1Haz tu pedido hoy y disfruta de un sabor aut\u00e9ntico! \ud83d\ude80","breadcrumb":{"@id":"https:\/\/kitras.cl\/?product=tabaco-natural-por-kilo-virginia-2#breadcrumb"},"inLanguage":"es-CL","potentialAction":[{"@type":"ReadAction","target":["https:\/\/kitras.cl\/?product=tabaco-natural-por-kilo-virginia-2"]}]},{"@type":"ImageObject","inLanguage":"es-CL","@id":"https:\/\/kitras.cl\/?product=tabaco-natural-por-kilo-virginia-2#primaryimage","url":"https:\/\/kitras.cl\/wp-content\/uploads\/2025\/02\/TABACO-NATURAL-500.jpg","contentUrl":"https:\/\/kitras.cl\/wp-content\/uploads\/2025\/02\/TABACO-NATURAL-500.jpg","width":1082,"height":1383},{"@type":"BreadcrumbList","@id":"https:\/\/kitras.cl\/?product=tabaco-natural-por-kilo-virginia-2#breadcrumb","itemListElement":[{"@type":"ListItem","position":1,"name":"Portada","item":"https:\/\/kitras.cl\/"},{"@type":"ListItem","position":2,"name":"Tienda","item":"https:\/\/kitras.cl\/?page_id=9"},{"@type":"ListItem","position":3,"name":"Tabaco Natural &#8211; Dos bolsas de 500 grs"}]},{"@type":"WebSite","@id":"https:\/\/kitras.cl\/#website","url":"https:\/\/kitras.cl\/","name":"Tabaco Natural | Kitras","description":"Tabaco de excelente calidad, limpio, sin palitos ni polvo, sin aditivos. Consulta nuestras ofertas, 100% natural,","alternateName":"Tabaco Natural","potentialAction":[{"@type":"SearchAction","target":{"@type":"EntryPoint","urlTemplate":"https:\/\/kitras.cl\/?s={search_term_string}"},"query-input":{"@type":"PropertyValueSpecification","valueRequired":true,"valueName":"search_term_string"}}],"inLanguage":"es-CL"}]}},"_links":{"self":[{"href":"https:\/\/kitras.cl\/index.php?rest_route=\/wp\/v2\/product\/77","targetHints":{"allow":["GET"]}}],"collection":[{"href":"https:\/\/kitras.cl\/index.php?rest_route=\/wp\/v2\/product"}],"about":[{"href":"https:\/\/kitras.cl\/index.php?rest_route=\/wp\/v2\/types\/product"}],"version-history":[{"count":11,"href":"https:\/\/kitras.cl\/index.php?rest_route=\/wp\/v2\/product\/77\/revisions"}],"predecessor-version":[{"id":908,"href":"https:\/\/kitras.cl\/index.php?rest_route=\/wp\/v2\/product\/77\/revisions\/908"}],"wp:featuredmedia":[{"embeddable":true,"href":"https:\/\/kitras.cl\/index.php?rest_route=\/wp\/v2\/media\/886"}],"wp:attachment":[{"href":"https:\/\/kitras.cl\/index.php?rest_route=%2Fwp%2Fv2%2Fmedia&parent=77"}],"wp:term":[{"taxonomy":"product_brand","embeddable":true,"href":"https:\/\/kitras.cl\/index.php?rest_route=%2Fwp%2Fv2%2Fproduct_brand&post=77"},{"taxonomy":"product_cat","embeddable":true,"href":"https:\/\/kitras.cl\/index.php?rest_route=%2Fwp%2Fv2%2Fproduct_cat&post=77"},{"taxonomy":"product_tag","embeddable":true,"href":"https:\/\/kitras.cl\/index.php?rest_route=%2Fwp%2Fv2%2Fproduct_tag&post=77"}],"curies":[{"name":"wp","href":"https:\/\/api.w.org\/{rel}","templated":true}]}}